{"id":8260,"date":"2022-01-07T11:25:38","date_gmt":"2022-01-07T11:25:38","guid":{"rendered":"https:\/\/www.lilux.dominocom.lu\/anzeige-aendern\/"},"modified":"2022-05-23T13:00:28","modified_gmt":"2022-05-23T13:00:28","slug":"anzeige-aendern","status":"publish","type":"page","link":"https:\/\/www.machiweb.com\/de\/anzeige-aendern\/","title":{"rendered":"Anzeige \u00e4ndern"},"content":{"rendered":"\t\t<div data-elementor-type=\"wp-page\" data-elementor-id=\"8260\" class=\"elementor elementor-8260 elementor-1402\" data-elementor-post-type=\"page\">\n\t\t\t\t\t\t<section class=\"elementor-section elementor-top-section elementor-element elementor-element-7571f34 elementor-section-boxed elementor-section-height-default elementor-section-height-default\" data-id=\"7571f34\" data-element_type=\"section\">\n\t\t\t\t\t\t<div class=\"elementor-container elementor-column-gap-default\">\n\t\t\t\t\t<div class=\"elementor-column elementor-col-100 elementor-top-column elementor-element elementor-element-efe0035\" data-id=\"efe0035\" data-element_type=\"column\">\n\t\t\t<div class=\"elementor-widget-wrap elementor-element-populated\">\n\t\t\t\t\t\t\t<\/div>\n\t\t<\/div>\n\t\t\t\t\t<\/div>\n\t\t<\/section>\n\t\t\t\t<\/div>\n\t\t","protected":false},"excerpt":{"rendered":"<p>Titre Annonce Contenu Annonce \u00c9diteur WYSIWYG Image \u00e0 la une Mat\u00e9riels 4&#215;4 Abatteuses Animaux et aliments Autres mat\u00e9riels d&#039;espace vert Broyeurs de branches Broyeurs de v\u00e9g\u00e9taux Broyeurs forestiers Broyeurs, \u00e9pareuses Bulldozer Bulldozers Camions Chargeuses sur pneus Compresseurs de chantiers D\u00e9busqueurs Divers Dumper Enfonces pieux, aff\u00fbtes piquets Epandage Epaves (accident\u00e9es, br\u00fbl\u00e9es&#8230;) Equipements Fendeuses \u00e0 bois Grues [&hellip;]<\/p>\n","protected":false},"author":1,"featured_media":4681,"parent":0,"menu_order":0,"comment_status":"closed","ping_status":"closed","template":"elementor_header_footer","meta":{"_uag_custom_page_level_css":"","site-sidebar-layout":"no-sidebar","site-content-layout":"page-builder","ast-site-content-layout":"default","site-content-style":"default","site-sidebar-style":"default","ast-global-header-display":"","ast-banner-title-visibility":"","ast-main-header-display":"","ast-hfb-above-header-display":"","ast-hfb-below-header-display":"","ast-hfb-mobile-header-display":"","site-post-title":"disabled","ast-breadcrumbs-content":"","ast-featured-img":"disabled","footer-sml-layout":"","theme-transparent-header-meta":"","adv-header-id-meta":"","stick-header-meta":"","header-above-stick-meta":"","header-main-stick-meta":"","header-below-stick-meta":"","astra-migrate-meta-layouts":"default","ast-page-background-enabled":"default","ast-page-background-meta":{"desktop":{"background-color":"","background-image":"","background-repeat":"repeat","background-position":"center center","background-size":"auto","background-attachment":"scroll","background-type":"","background-media":"","overlay-type":"","overlay-color":"","overlay-opacity":"","overlay-gradient":""},"tablet":{"background-color":"","background-image":"","background-repeat":"repeat","background-position":"center center","background-size":"auto","background-attachment":"scroll","background-type":"","background-media":"","overlay-type":"","overlay-color":"","overlay-opacity":"","overlay-gradient":""},"mobile":{"background-color":"","background-image":"","background-repeat":"repeat","background-position":"center center","background-size":"auto","background-attachment":"scroll","background-type":"","background-media":"","overlay-type":"","overlay-color":"","overlay-opacity":"","overlay-gradient":""}},"ast-content-background-meta":{"desktop":{"background-color":"var(--ast-global-color-5)","background-image":"","background-repeat":"repeat","background-position":"center center","background-size":"auto","background-attachment":"scroll","background-type":"","background-media":"","overlay-type":"","overlay-color":"","overlay-opacity":"","overlay-gradient":""},"tablet":{"background-color":"var(--ast-global-color-5)","background-image":"","background-repeat":"repeat","background-position":"center center","background-size":"auto","background-attachment":"scroll","background-type":"","background-media":"","overlay-type":"","overlay-color":"","overlay-opacity":"","overlay-gradient":""},"mobile":{"background-color":"var(--ast-global-color-5)","background-image":"","background-repeat":"repeat","background-position":"center center","background-size":"auto","background-attachment":"scroll","background-type":"","background-media":"","overlay-type":"","overlay-color":"","overlay-opacity":"","overlay-gradient":""}},"footnotes":""},"class_list":["post-8260","page","type-page","status-publish","has-post-thumbnail","hentry"],"yoast_head":"<!-- This site is optimized with the Yoast SEO plugin v25.4 - https:\/\/yoast.com\/wordpress\/plugins\/seo\/ -->\n<title>Anzeige \u00e4ndern - MachiWeb<\/title>\n<meta name=\"robots\" content=\"index, follow, max-snippet:-1, max-image-preview:large, max-video-preview:-1\" \/>\n<link rel=\"canonical\" href=\"https:\/\/www.machiweb.com\/de\/anzeige-aendern\/\" \/>\n<meta property=\"og:locale\" content=\"de_DE\" \/>\n<meta property=\"og:type\" content=\"article\" \/>\n<meta property=\"og:title\" content=\"Anzeige \u00e4ndern - MachiWeb\" \/>\n<meta property=\"og:description\" content=\"Titre Annonce Contenu Annonce \u00c9diteur WYSIWYG Image \u00e0 la une Mat\u00e9riels 4&#215;4 Abatteuses Animaux et aliments Autres mat\u00e9riels d&#039;espace vert Broyeurs de branches Broyeurs de v\u00e9g\u00e9taux Broyeurs forestiers Broyeurs, \u00e9pareuses Bulldozer Bulldozers Camions Chargeuses sur pneus Compresseurs de chantiers D\u00e9busqueurs Divers Dumper Enfonces pieux, aff\u00fbtes piquets Epandage Epaves (accident\u00e9es, br\u00fbl\u00e9es&#8230;) Equipements Fendeuses \u00e0 bois Grues [&hellip;]\" \/>\n<meta property=\"og:url\" content=\"https:\/\/www.machiweb.com\/de\/anzeige-aendern\/\" \/>\n<meta property=\"og:site_name\" content=\"MachiWeb\" \/>\n<meta property=\"article:modified_time\" content=\"2022-05-23T13:00:28+00:00\" \/>\n<meta property=\"og:image\" content=\"https:\/\/www.machiweb.com\/wp-content\/plugins\/cred-frontend-editor\/vendor\/toolset\/toolset-common\/toolset-forms\/images\/calendar-readonly.gif\" \/>\n<meta name=\"twitter:card\" content=\"summary_large_image\" \/>\n<meta name=\"twitter:label1\" content=\"Gesch\u00e4tzte Lesezeit\" \/>\n\t<meta name=\"twitter:data1\" content=\"1\u00a0Minute\" \/>\n<script type=\"application\/ld+json\" class=\"yoast-schema-graph\">{\"@context\":\"https:\/\/schema.org\",\"@graph\":[{\"@type\":\"WebPage\",\"@id\":\"https:\/\/www.machiweb.com\/de\/anzeige-aendern\/\",\"url\":\"https:\/\/www.machiweb.com\/de\/anzeige-aendern\/\",\"name\":\"Anzeige \u00e4ndern - MachiWeb\",\"isPartOf\":{\"@id\":\"https:\/\/www.machiweb.com\/de\/#website\"},\"primaryImageOfPage\":{\"@id\":\"https:\/\/www.machiweb.com\/de\/anzeige-aendern\/#primaryimage\"},\"image\":{\"@id\":\"https:\/\/www.machiweb.com\/de\/anzeige-aendern\/#primaryimage\"},\"thumbnailUrl\":\"https:\/\/www.machiweb.com\/wp-content\/uploads\/2021\/02\/machiweb-logo-transparent.png?v=1655113758\",\"datePublished\":\"2022-01-07T11:25:38+00:00\",\"dateModified\":\"2022-05-23T13:00:28+00:00\",\"breadcrumb\":{\"@id\":\"https:\/\/www.machiweb.com\/de\/anzeige-aendern\/#breadcrumb\"},\"inLanguage\":\"de\",\"potentialAction\":[{\"@type\":\"ReadAction\",\"target\":[\"https:\/\/www.machiweb.com\/de\/anzeige-aendern\/\"]}]},{\"@type\":\"ImageObject\",\"inLanguage\":\"de\",\"@id\":\"https:\/\/www.machiweb.com\/de\/anzeige-aendern\/#primaryimage\",\"url\":\"https:\/\/www.machiweb.com\/wp-content\/uploads\/2021\/02\/machiweb-logo-transparent.png?v=1655113758\",\"contentUrl\":\"https:\/\/www.machiweb.com\/wp-content\/uploads\/2021\/02\/machiweb-logo-transparent.png?v=1655113758\",\"width\":236,\"height\":45},{\"@type\":\"BreadcrumbList\",\"@id\":\"https:\/\/www.machiweb.com\/de\/anzeige-aendern\/#breadcrumb\",\"itemListElement\":[{\"@type\":\"ListItem\",\"position\":1,\"name\":\"Accueil\",\"item\":\"https:\/\/www.machiweb.com\/de\/\"},{\"@type\":\"ListItem\",\"position\":2,\"name\":\"Anzeige \u00e4ndern\"}]},{\"@type\":\"WebSite\",\"@id\":\"https:\/\/www.machiweb.com\/de\/#website\",\"url\":\"https:\/\/www.machiweb.com\/de\/\",\"name\":\"MachiWeb\",\"description\":\"le site de petites annonces de mat\u00e9riel agricole\",\"publisher\":{\"@id\":\"https:\/\/www.machiweb.com\/de\/#organization\"},\"potentialAction\":[{\"@type\":\"SearchAction\",\"target\":{\"@type\":\"EntryPoint\",\"urlTemplate\":\"https:\/\/www.machiweb.com\/de\/?s={search_term_string}\"},\"query-input\":{\"@type\":\"PropertyValueSpecification\",\"valueRequired\":true,\"valueName\":\"search_term_string\"}}],\"inLanguage\":\"de\"},{\"@type\":\"Organization\",\"@id\":\"https:\/\/www.machiweb.com\/de\/#organization\",\"name\":\"MachiWeb\",\"url\":\"https:\/\/www.machiweb.com\/de\/\",\"logo\":{\"@type\":\"ImageObject\",\"inLanguage\":\"de\",\"@id\":\"https:\/\/www.machiweb.com\/de\/#\/schema\/logo\/image\/\",\"url\":\"https:\/\/www.machiweb.com\/wp-content\/uploads\/2022\/07\/cropped-logo-machiweb-website-1.png?v=1743253573\",\"contentUrl\":\"https:\/\/www.machiweb.com\/wp-content\/uploads\/2022\/07\/cropped-logo-machiweb-website-1.png?v=1743253573\",\"width\":1000,\"height\":185,\"caption\":\"MachiWeb\"},\"image\":{\"@id\":\"https:\/\/www.machiweb.com\/de\/#\/schema\/logo\/image\/\"}}]}<\/script>\n<!-- \/ Yoast SEO plugin. -->","yoast_head_json":{"title":"Anzeige \u00e4ndern - MachiWeb","robots":{"index":"index","follow":"follow","max-snippet":"max-snippet:-1","max-image-preview":"max-image-preview:large","max-video-preview":"max-video-preview:-1"},"canonical":"https:\/\/www.machiweb.com\/de\/anzeige-aendern\/","og_locale":"de_DE","og_type":"article","og_title":"Anzeige \u00e4ndern - MachiWeb","og_description":"Titre Annonce Contenu Annonce \u00c9diteur WYSIWYG Image \u00e0 la une Mat\u00e9riels 4&#215;4 Abatteuses Animaux et aliments Autres mat\u00e9riels d&#039;espace vert Broyeurs de branches Broyeurs de v\u00e9g\u00e9taux Broyeurs forestiers Broyeurs, \u00e9pareuses Bulldozer Bulldozers Camions Chargeuses sur pneus Compresseurs de chantiers D\u00e9busqueurs Divers Dumper Enfonces pieux, aff\u00fbtes piquets Epandage Epaves (accident\u00e9es, br\u00fbl\u00e9es&#8230;) Equipements Fendeuses \u00e0 bois Grues [&hellip;]","og_url":"https:\/\/www.machiweb.com\/de\/anzeige-aendern\/","og_site_name":"MachiWeb","article_modified_time":"2022-05-23T13:00:28+00:00","og_image":[{"url":"https:\/\/www.machiweb.com\/wp-content\/plugins\/cred-frontend-editor\/vendor\/toolset\/toolset-common\/toolset-forms\/images\/calendar-readonly.gif","type":"","width":"","height":""}],"twitter_card":"summary_large_image","twitter_misc":{"Gesch\u00e4tzte Lesezeit":"1\u00a0Minute"},"schema":{"@context":"https:\/\/schema.org","@graph":[{"@type":"WebPage","@id":"https:\/\/www.machiweb.com\/de\/anzeige-aendern\/","url":"https:\/\/www.machiweb.com\/de\/anzeige-aendern\/","name":"Anzeige \u00e4ndern - MachiWeb","isPartOf":{"@id":"https:\/\/www.machiweb.com\/de\/#website"},"primaryImageOfPage":{"@id":"https:\/\/www.machiweb.com\/de\/anzeige-aendern\/#primaryimage"},"image":{"@id":"https:\/\/www.machiweb.com\/de\/anzeige-aendern\/#primaryimage"},"thumbnailUrl":"https:\/\/www.machiweb.com\/wp-content\/uploads\/2021\/02\/machiweb-logo-transparent.png?v=1655113758","datePublished":"2022-01-07T11:25:38+00:00","dateModified":"2022-05-23T13:00:28+00:00","breadcrumb":{"@id":"https:\/\/www.machiweb.com\/de\/anzeige-aendern\/#breadcrumb"},"inLanguage":"de","potentialAction":[{"@type":"ReadAction","target":["https:\/\/www.machiweb.com\/de\/anzeige-aendern\/"]}]},{"@type":"ImageObject","inLanguage":"de","@id":"https:\/\/www.machiweb.com\/de\/anzeige-aendern\/#primaryimage","url":"https:\/\/www.machiweb.com\/wp-content\/uploads\/2021\/02\/machiweb-logo-transparent.png?v=1655113758","contentUrl":"https:\/\/www.machiweb.com\/wp-content\/uploads\/2021\/02\/machiweb-logo-transparent.png?v=1655113758","width":236,"height":45},{"@type":"BreadcrumbList","@id":"https:\/\/www.machiweb.com\/de\/anzeige-aendern\/#breadcrumb","itemListElement":[{"@type":"ListItem","position":1,"name":"Accueil","item":"https:\/\/www.machiweb.com\/de\/"},{"@type":"ListItem","position":2,"name":"Anzeige \u00e4ndern"}]},{"@type":"WebSite","@id":"https:\/\/www.machiweb.com\/de\/#website","url":"https:\/\/www.machiweb.com\/de\/","name":"MachiWeb","description":"le site de petites annonces de mat\u00e9riel agricole","publisher":{"@id":"https:\/\/www.machiweb.com\/de\/#organization"},"potentialAction":[{"@type":"SearchAction","target":{"@type":"EntryPoint","urlTemplate":"https:\/\/www.machiweb.com\/de\/?s={search_term_string}"},"query-input":{"@type":"PropertyValueSpecification","valueRequired":true,"valueName":"search_term_string"}}],"inLanguage":"de"},{"@type":"Organization","@id":"https:\/\/www.machiweb.com\/de\/#organization","name":"MachiWeb","url":"https:\/\/www.machiweb.com\/de\/","logo":{"@type":"ImageObject","inLanguage":"de","@id":"https:\/\/www.machiweb.com\/de\/#\/schema\/logo\/image\/","url":"https:\/\/www.machiweb.com\/wp-content\/uploads\/2022\/07\/cropped-logo-machiweb-website-1.png?v=1743253573","contentUrl":"https:\/\/www.machiweb.com\/wp-content\/uploads\/2022\/07\/cropped-logo-machiweb-website-1.png?v=1743253573","width":1000,"height":185,"caption":"MachiWeb"},"image":{"@id":"https:\/\/www.machiweb.com\/de\/#\/schema\/logo\/image\/"}}]}},"uagb_featured_image_src":{"full":["https:\/\/www.machiweb.com\/wp-content\/uploads\/2021\/02\/machiweb-logo-transparent.png?v=1655113758",236,45,false],"thumbnail":["https:\/\/www.machiweb.com\/wp-content\/uploads\/2021\/02\/machiweb-logo-transparent-150x45.png?v=1655113758",150,45,true],"medium":["https:\/\/www.machiweb.com\/wp-content\/uploads\/2021\/02\/machiweb-logo-transparent.png?v=1655113758",236,45,false],"medium_large":["https:\/\/www.machiweb.com\/wp-content\/uploads\/2021\/02\/machiweb-logo-transparent.png?v=1655113758",236,45,false],"large":["https:\/\/www.machiweb.com\/wp-content\/uploads\/2021\/02\/machiweb-logo-transparent.png?v=1655113758",236,45,false],"1536x1536":["https:\/\/www.machiweb.com\/wp-content\/uploads\/2021\/02\/machiweb-logo-transparent.png?v=1655113758",236,45,false],"2048x2048":["https:\/\/www.machiweb.com\/wp-content\/uploads\/2021\/02\/machiweb-logo-transparent.png?v=1655113758",236,45,false],"gform-image-choice-sm":["https:\/\/www.machiweb.com\/wp-content\/uploads\/2021\/02\/machiweb-logo-transparent.png?v=1655113758",236,45,false],"gform-image-choice-md":["https:\/\/www.machiweb.com\/wp-content\/uploads\/2021\/02\/machiweb-logo-transparent.png?v=1655113758",236,45,false],"gform-image-choice-lg":["https:\/\/www.machiweb.com\/wp-content\/uploads\/2021\/02\/machiweb-logo-transparent.png?v=1655113758",236,45,false],"woocommerce_thumbnail":["https:\/\/www.machiweb.com\/wp-content\/uploads\/2021\/02\/machiweb-logo-transparent.png?v=1655113758",236,45,false],"woocommerce_single":["https:\/\/www.machiweb.com\/wp-content\/uploads\/2021\/02\/machiweb-logo-transparent.png?v=1655113758",236,45,false],"woocommerce_gallery_thumbnail":["https:\/\/www.machiweb.com\/wp-content\/uploads\/2021\/02\/machiweb-logo-transparent-100x45.png?v=1655113758",100,45,true]},"uagb_author_info":{"display_name":"admin","author_link":"https:\/\/www.machiweb.com\/de\/author\/dominocommunication\/"},"uagb_comment_info":0,"uagb_excerpt":"Titre Annonce Contenu Annonce \u00c9diteur WYSIWYG Image \u00e0 la une Mat\u00e9riels 4&#215;4 Abatteuses Animaux et aliments Autres mat\u00e9riels d&#039;espace vert Broyeurs de branches Broyeurs de v\u00e9g\u00e9taux Broyeurs forestiers Broyeurs, \u00e9pareuses Bulldozer Bulldozers Camions Chargeuses sur pneus Compresseurs de chantiers D\u00e9busqueurs Divers Dumper Enfonces pieux, aff\u00fbtes piquets Epandage Epaves (accident\u00e9es, br\u00fbl\u00e9es&#8230;) Equipements Fendeuses \u00e0 bois Grues&hellip;","_links":{"self":[{"href":"https:\/\/www.machiweb.com\/de\/wp-json\/wp\/v2\/pages\/8260","targetHints":{"allow":["GET"]}}],"collection":[{"href":"https:\/\/www.machiweb.com\/de\/wp-json\/wp\/v2\/pages"}],"about":[{"href":"https:\/\/www.machiweb.com\/de\/wp-json\/wp\/v2\/types\/page"}],"author":[{"embeddable":true,"href":"https:\/\/www.machiweb.com\/de\/wp-json\/wp\/v2\/users\/1"}],"replies":[{"embeddable":true,"href":"https:\/\/www.machiweb.com\/de\/wp-json\/wp\/v2\/comments?post=8260"}],"version-history":[{"count":0,"href":"https:\/\/www.machiweb.com\/de\/wp-json\/wp\/v2\/pages\/8260\/revisions"}],"wp:featuredmedia":[{"embeddable":true,"href":"https:\/\/www.machiweb.com\/de\/wp-json\/wp\/v2\/media\/4681"}],"wp:attachment":[{"href":"https:\/\/www.machiweb.com\/de\/wp-json\/wp\/v2\/media?parent=8260"}],"curies":[{"name":"wp","href":"https:\/\/api.w.org\/{rel}","templated":true}]}}