{"id":8267,"date":"2021-12-18T11:35:14","date_gmt":"2021-12-18T11:35:14","guid":{"rendered":"https:\/\/www.lilux.dominocom.lu\/informationen-zum-werbetreibenden\/"},"modified":"2022-05-23T13:00:29","modified_gmt":"2022-05-23T13:00:29","slug":"informationen-zum-werbetreibenden","status":"publish","type":"page","link":"https:\/\/www.machiweb.com\/de\/informationen-zum-werbetreibenden\/","title":{"rendered":"Informationen zum Werbetreibenden"},"content":{"rendered":"\t\t<div data-elementor-type=\"wp-page\" data-elementor-id=\"8267\" class=\"elementor elementor-8267 elementor-845\" data-elementor-post-type=\"page\">\n\t\t\t\t\t\t<section class=\"elementor-section elementor-top-section elementor-element elementor-element-1af06da elementor-section-boxed elementor-section-height-default elementor-section-height-default\" data-id=\"1af06da\" data-element_type=\"section\">\n\t\t\t\t\t\t<div class=\"elementor-container elementor-column-gap-default\">\n\t\t\t\t\t<div class=\"elementor-column elementor-col-100 elementor-top-column elementor-element elementor-element-72f892c\" data-id=\"72f892c\" data-element_type=\"column\">\n\t\t\t<div class=\"elementor-widget-wrap elementor-element-populated\">\n\t\t\t\t\t\t<div class=\"elementor-element elementor-element-07e53e4 elementor-widget elementor-widget-heading\" data-id=\"07e53e4\" data-element_type=\"widget\" data-widget_type=\"heading.default\">\n\t\t\t\t<div class=\"elementor-widget-container\">\n\t\t\t\t\t<h2 class=\"elementor-heading-title elementor-size-default\">Melden Sie sich an, um Ihr Profil zu vervollst\u00e4ndigen:<\/h2>\t\t\t\t<\/div>\n\t\t\t\t<\/div>\n\t\t\t\t<div class=\"elementor-element elementor-element-16815db elementor-widget elementor-widget-login\" data-id=\"16815db\" data-element_type=\"widget\" data-widget_type=\"login.default\">\n\t\t\t\t<div class=\"elementor-widget-container\">\n\t\t\t\t\t\t\t<form class=\"elementor-login elementor-form\" method=\"post\" action=\"https:\/\/www.machiweb.com\/de\/dominolog\/\" aria-label=\"Anmeldeformular\">\n\t\t\t<input type=\"hidden\" name=\"redirect_to\" value=\"\/de\/wp-json\/wp\/v2\/pages\/8267\">\n\t\t\t<div class=\"elementor-form-fields-wrapper\">\n\t\t\t\t<div class=\"elementor-field-type-text elementor-field-group elementor-column elementor-col-100 elementor-field-required\">\n\t\t\t\t\t<label for=\"user-16815db\" class=\"elementor-field-label\">Benutzername oder E-mail Adresse<\/label>\n\t\t\t\t\t<input size=\"1\" type=\"text\" name=\"log\" id=\"user-16815db\" placeholder=\"\" class=\"elementor-field elementor-field-textual elementor-size-sm\">\n\t\t\t\t<\/div>\n\t\t\t\t<div class=\"elementor-field-type-text elementor-field-group elementor-column elementor-col-100 elementor-field-required\">\n\t\t\t\t\t<label for=\"password-16815db\" class=\"elementor-field-label\">Passwort<\/label>\n\t\t\t\t\t<input size=\"1\" type=\"password\" name=\"pwd\" id=\"password-16815db\" placeholder=\"\" class=\"elementor-field elementor-field-textual elementor-size-sm\">\n\t\t\t\t<\/div>\n\n\t\t\t\t\t\t\t\t\t<div class=\"elementor-field-type-checkbox elementor-field-group elementor-column elementor-col-100 elementor-remember-me\">\n\t\t\t\t\t\t<label for=\"elementor-login-remember-me\">\n\t\t\t\t\t\t\t<input type=\"checkbox\" id=\"elementor-login-remember-me\" name=\"rememberme\" value=\"forever\">\n\t\t\t\t\t\t\tBenutzername merken\t\t\t\t\t\t<\/label>\n\t\t\t\t\t<\/div>\n\t\t\t\t\n\t\t\t\t<div class=\"elementor-field-group elementor-column elementor-field-type-submit elementor-col-100\">\n\t\t\t\t\t<button type=\"submit\" class=\"elementor-size-sm elementor-button\" name=\"wp-submit\">\n\t\t\t\t\t\t\t\t\t\t\t\t\t\t\t<span class=\"elementor-button-text\">Anmeldung<\/span>\n\t\t\t\t\t\t\t\t\t\t\t\t<\/button>\n\t\t\t\t<\/div>\n\n\t\t\t\t\t\t\t\t\t<div class=\"elementor-field-group elementor-column elementor-col-100\">\n\t\t\t\t\t\t\t\t\t\t\t\t\t\t\t\t\t\t\t\t<a class=\"elementor-lost-password\" href=\"https:\/\/www.machiweb.com\/de\/guthaben-kaufen\/lost-password\/\">\n\t\t\t\t\t\t\t\tPasswort vergessen?\t\t\t\t\t\t\t<\/a>\n\t\t\t\t\t\t\n\t\t\t\t\t\t\t\t\t\t\t\t\t\t\t\t\t\t\t\t\t<span class=\"elementor-login-separator\"> | <\/span>\n\t\t\t\t\t\t\t\t\t\t\t\t\t\t\t\t\t\t\t\t\t<a class=\"elementor-register\" href=\"https:\/\/www.machiweb.com\/de\/dominolog\/?action=register\">\n\t\t\t\t\t\t\t\tRegistrieren\t\t\t\t\t\t\t<\/a>\n\t\t\t\t\t\t\t\t\t\t\t<\/div>\n\t\t\t\t\t\t\t<\/div>\n\t\t<\/form>\n\t\t\t\t\t\t<\/div>\n\t\t\t\t<\/div>\n\t\t\t\t\t<\/div>\n\t\t<\/div>\n\t\t\t\t\t<\/div>\n\t\t<\/section>\n\t\t\t\t<section class=\"elementor-section elementor-top-section elementor-element elementor-element-ab335ec elementor-section-boxed elementor-section-height-default elementor-section-height-default\" data-id=\"ab335ec\" data-element_type=\"section\">\n\t\t\t\t\t\t<div class=\"elementor-container elementor-column-gap-default\">\n\t\t\t\t\t<div class=\"elementor-column elementor-col-100 elementor-top-column elementor-element elementor-element-d6406f0\" data-id=\"d6406f0\" data-element_type=\"column\">\n\t\t\t<div class=\"elementor-widget-wrap elementor-element-populated\">\n\t\t\t\t\t\t<div class=\"elementor-element elementor-element-eeac4be elementor-widget elementor-widget-heading\" data-id=\"eeac4be\" data-element_type=\"widget\" data-widget_type=\"heading.default\">\n\t\t\t\t<div class=\"elementor-widget-container\">\n\t\t\t\t\t<h2 class=\"elementor-heading-title elementor-size-default\">Vervollst\u00e4ndigen Sie Ihr Profil und ver\u00f6ffentlichen Sie dann Ihre Anzeige!<\/h2>\t\t\t\t<\/div>\n\t\t\t\t<\/div>\n\t\t\t\t\t<\/div>\n\t\t<\/div>\n\t\t\t\t\t<\/div>\n\t\t<\/section>\n\t\t\t\t<\/div>\n\t\t","protected":false},"excerpt":{"rendered":"<p>Melden Sie sich an, um Ihr Profil zu vervollst\u00e4ndigen: Vervollst\u00e4ndigen Sie Ihr Profil und ver\u00f6ffentlichen Sie dann Ihre Anzeige!<\/p>\n","protected":false},"author":3,"featured_media":4681,"parent":0,"menu_order":0,"comment_status":"closed","ping_status":"closed","template":"","meta":{"_uag_custom_page_level_css":"","site-sidebar-layout":"no-sidebar","site-content-layout":"page-builder","ast-site-content-layout":"default","site-content-style":"default","site-sidebar-style":"default","ast-global-header-display":"","ast-banner-title-visibility":"","ast-main-header-display":"","ast-hfb-above-header-display":"","ast-hfb-below-header-display":"","ast-hfb-mobile-header-display":"","site-post-title":"disabled","ast-breadcrumbs-content":"","ast-featured-img":"disabled","footer-sml-layout":"","theme-transparent-header-meta":"","adv-header-id-meta":"","stick-header-meta":"","header-above-stick-meta":"","header-main-stick-meta":"","header-below-stick-meta":"","astra-migrate-meta-layouts":"default","ast-page-background-enabled":"default","ast-page-background-meta":{"desktop":{"background-color":"","background-image":"","background-repeat":"repeat","background-position":"center center","background-size":"auto","background-attachment":"scroll","background-type":"","background-media":"","overlay-type":"","overlay-color":"","overlay-opacity":"","overlay-gradient":""},"tablet":{"background-color":"","background-image":"","background-repeat":"repeat","background-position":"center center","background-size":"auto","background-attachment":"scroll","background-type":"","background-media":"","overlay-type":"","overlay-color":"","overlay-opacity":"","overlay-gradient":""},"mobile":{"background-color":"","background-image":"","background-repeat":"repeat","background-position":"center center","background-size":"auto","background-attachment":"scroll","background-type":"","background-media":"","overlay-type":"","overlay-color":"","overlay-opacity":"","overlay-gradient":""}},"ast-content-background-meta":{"desktop":{"background-color":"var(--ast-global-color-5)","background-image":"","background-repeat":"repeat","background-position":"center center","background-size":"auto","background-attachment":"scroll","background-type":"","background-media":"","overlay-type":"","overlay-color":"","overlay-opacity":"","overlay-gradient":""},"tablet":{"background-color":"var(--ast-global-color-5)","background-image":"","background-repeat":"repeat","background-position":"center center","background-size":"auto","background-attachment":"scroll","background-type":"","background-media":"","overlay-type":"","overlay-color":"","overlay-opacity":"","overlay-gradient":""},"mobile":{"background-color":"var(--ast-global-color-5)","background-image":"","background-repeat":"repeat","background-position":"center center","background-size":"auto","background-attachment":"scroll","background-type":"","background-media":"","overlay-type":"","overlay-color":"","overlay-opacity":"","overlay-gradient":""}},"footnotes":""},"class_list":["post-8267","page","type-page","status-publish","has-post-thumbnail","hentry"],"yoast_head":"<!-- This site is optimized with the Yoast SEO plugin v25.4 - https:\/\/yoast.com\/wordpress\/plugins\/seo\/ -->\n<title>Informationen zum Werbetreibenden - MachiWeb<\/title>\n<meta name=\"robots\" content=\"index, follow, max-snippet:-1, max-image-preview:large, max-video-preview:-1\" \/>\n<link rel=\"canonical\" href=\"https:\/\/www.machiweb.com\/de\/informationen-zum-werbetreibenden\/\" \/>\n<meta property=\"og:locale\" content=\"de_DE\" \/>\n<meta property=\"og:type\" content=\"article\" \/>\n<meta property=\"og:title\" content=\"Informationen zum Werbetreibenden - MachiWeb\" \/>\n<meta property=\"og:description\" content=\"Melden Sie sich an, um Ihr Profil zu vervollst\u00e4ndigen: Vervollst\u00e4ndigen Sie Ihr Profil und ver\u00f6ffentlichen Sie dann Ihre Anzeige!\" \/>\n<meta property=\"og:url\" content=\"https:\/\/www.machiweb.com\/de\/informationen-zum-werbetreibenden\/\" \/>\n<meta property=\"og:site_name\" content=\"MachiWeb\" \/>\n<meta property=\"article:modified_time\" content=\"2022-05-23T13:00:29+00:00\" \/>\n<meta name=\"twitter:card\" content=\"summary_large_image\" \/>\n<script type=\"application\/ld+json\" class=\"yoast-schema-graph\">{\"@context\":\"https:\/\/schema.org\",\"@graph\":[{\"@type\":\"WebPage\",\"@id\":\"https:\/\/www.machiweb.com\/de\/informationen-zum-werbetreibenden\/\",\"url\":\"https:\/\/www.machiweb.com\/de\/informationen-zum-werbetreibenden\/\",\"name\":\"Informationen zum Werbetreibenden - MachiWeb\",\"isPartOf\":{\"@id\":\"https:\/\/www.machiweb.com\/de\/#website\"},\"primaryImageOfPage\":{\"@id\":\"https:\/\/www.machiweb.com\/de\/informationen-zum-werbetreibenden\/#primaryimage\"},\"image\":{\"@id\":\"https:\/\/www.machiweb.com\/de\/informationen-zum-werbetreibenden\/#primaryimage\"},\"thumbnailUrl\":\"https:\/\/www.machiweb.com\/wp-content\/uploads\/2021\/02\/machiweb-logo-transparent.png?v=1655113758\",\"datePublished\":\"2021-12-18T11:35:14+00:00\",\"dateModified\":\"2022-05-23T13:00:29+00:00\",\"breadcrumb\":{\"@id\":\"https:\/\/www.machiweb.com\/de\/informationen-zum-werbetreibenden\/#breadcrumb\"},\"inLanguage\":\"de\",\"potentialAction\":[{\"@type\":\"ReadAction\",\"target\":[\"https:\/\/www.machiweb.com\/de\/informationen-zum-werbetreibenden\/\"]}]},{\"@type\":\"ImageObject\",\"inLanguage\":\"de\",\"@id\":\"https:\/\/www.machiweb.com\/de\/informationen-zum-werbetreibenden\/#primaryimage\",\"url\":\"https:\/\/www.machiweb.com\/wp-content\/uploads\/2021\/02\/machiweb-logo-transparent.png?v=1655113758\",\"contentUrl\":\"https:\/\/www.machiweb.com\/wp-content\/uploads\/2021\/02\/machiweb-logo-transparent.png?v=1655113758\",\"width\":236,\"height\":45},{\"@type\":\"BreadcrumbList\",\"@id\":\"https:\/\/www.machiweb.com\/de\/informationen-zum-werbetreibenden\/#breadcrumb\",\"itemListElement\":[{\"@type\":\"ListItem\",\"position\":1,\"name\":\"Accueil\",\"item\":\"https:\/\/www.machiweb.com\/de\/\"},{\"@type\":\"ListItem\",\"position\":2,\"name\":\"Informationen zum Werbetreibenden\"}]},{\"@type\":\"WebSite\",\"@id\":\"https:\/\/www.machiweb.com\/de\/#website\",\"url\":\"https:\/\/www.machiweb.com\/de\/\",\"name\":\"MachiWeb\",\"description\":\"le site de petites annonces de mat\u00e9riel agricole\",\"publisher\":{\"@id\":\"https:\/\/www.machiweb.com\/de\/#organization\"},\"potentialAction\":[{\"@type\":\"SearchAction\",\"target\":{\"@type\":\"EntryPoint\",\"urlTemplate\":\"https:\/\/www.machiweb.com\/de\/?s={search_term_string}\"},\"query-input\":{\"@type\":\"PropertyValueSpecification\",\"valueRequired\":true,\"valueName\":\"search_term_string\"}}],\"inLanguage\":\"de\"},{\"@type\":\"Organization\",\"@id\":\"https:\/\/www.machiweb.com\/de\/#organization\",\"name\":\"MachiWeb\",\"url\":\"https:\/\/www.machiweb.com\/de\/\",\"logo\":{\"@type\":\"ImageObject\",\"inLanguage\":\"de\",\"@id\":\"https:\/\/www.machiweb.com\/de\/#\/schema\/logo\/image\/\",\"url\":\"https:\/\/www.machiweb.com\/wp-content\/uploads\/2022\/07\/cropped-logo-machiweb-website-1.png?v=1743253573\",\"contentUrl\":\"https:\/\/www.machiweb.com\/wp-content\/uploads\/2022\/07\/cropped-logo-machiweb-website-1.png?v=1743253573\",\"width\":1000,\"height\":185,\"caption\":\"MachiWeb\"},\"image\":{\"@id\":\"https:\/\/www.machiweb.com\/de\/#\/schema\/logo\/image\/\"}}]}<\/script>\n<!-- \/ Yoast SEO plugin. -->","yoast_head_json":{"title":"Informationen zum Werbetreibenden - MachiWeb","robots":{"index":"index","follow":"follow","max-snippet":"max-snippet:-1","max-image-preview":"max-image-preview:large","max-video-preview":"max-video-preview:-1"},"canonical":"https:\/\/www.machiweb.com\/de\/informationen-zum-werbetreibenden\/","og_locale":"de_DE","og_type":"article","og_title":"Informationen zum Werbetreibenden - MachiWeb","og_description":"Melden Sie sich an, um Ihr Profil zu vervollst\u00e4ndigen: Vervollst\u00e4ndigen Sie Ihr Profil und ver\u00f6ffentlichen Sie dann Ihre Anzeige!","og_url":"https:\/\/www.machiweb.com\/de\/informationen-zum-werbetreibenden\/","og_site_name":"MachiWeb","article_modified_time":"2022-05-23T13:00:29+00:00","twitter_card":"summary_large_image","schema":{"@context":"https:\/\/schema.org","@graph":[{"@type":"WebPage","@id":"https:\/\/www.machiweb.com\/de\/informationen-zum-werbetreibenden\/","url":"https:\/\/www.machiweb.com\/de\/informationen-zum-werbetreibenden\/","name":"Informationen zum Werbetreibenden - MachiWeb","isPartOf":{"@id":"https:\/\/www.machiweb.com\/de\/#website"},"primaryImageOfPage":{"@id":"https:\/\/www.machiweb.com\/de\/informationen-zum-werbetreibenden\/#primaryimage"},"image":{"@id":"https:\/\/www.machiweb.com\/de\/informationen-zum-werbetreibenden\/#primaryimage"},"thumbnailUrl":"https:\/\/www.machiweb.com\/wp-content\/uploads\/2021\/02\/machiweb-logo-transparent.png?v=1655113758","datePublished":"2021-12-18T11:35:14+00:00","dateModified":"2022-05-23T13:00:29+00:00","breadcrumb":{"@id":"https:\/\/www.machiweb.com\/de\/informationen-zum-werbetreibenden\/#breadcrumb"},"inLanguage":"de","potentialAction":[{"@type":"ReadAction","target":["https:\/\/www.machiweb.com\/de\/informationen-zum-werbetreibenden\/"]}]},{"@type":"ImageObject","inLanguage":"de","@id":"https:\/\/www.machiweb.com\/de\/informationen-zum-werbetreibenden\/#primaryimage","url":"https:\/\/www.machiweb.com\/wp-content\/uploads\/2021\/02\/machiweb-logo-transparent.png?v=1655113758","contentUrl":"https:\/\/www.machiweb.com\/wp-content\/uploads\/2021\/02\/machiweb-logo-transparent.png?v=1655113758","width":236,"height":45},{"@type":"BreadcrumbList","@id":"https:\/\/www.machiweb.com\/de\/informationen-zum-werbetreibenden\/#breadcrumb","itemListElement":[{"@type":"ListItem","position":1,"name":"Accueil","item":"https:\/\/www.machiweb.com\/de\/"},{"@type":"ListItem","position":2,"name":"Informationen zum Werbetreibenden"}]},{"@type":"WebSite","@id":"https:\/\/www.machiweb.com\/de\/#website","url":"https:\/\/www.machiweb.com\/de\/","name":"MachiWeb","description":"le site de petites annonces de mat\u00e9riel agricole","publisher":{"@id":"https:\/\/www.machiweb.com\/de\/#organization"},"potentialAction":[{"@type":"SearchAction","target":{"@type":"EntryPoint","urlTemplate":"https:\/\/www.machiweb.com\/de\/?s={search_term_string}"},"query-input":{"@type":"PropertyValueSpecification","valueRequired":true,"valueName":"search_term_string"}}],"inLanguage":"de"},{"@type":"Organization","@id":"https:\/\/www.machiweb.com\/de\/#organization","name":"MachiWeb","url":"https:\/\/www.machiweb.com\/de\/","logo":{"@type":"ImageObject","inLanguage":"de","@id":"https:\/\/www.machiweb.com\/de\/#\/schema\/logo\/image\/","url":"https:\/\/www.machiweb.com\/wp-content\/uploads\/2022\/07\/cropped-logo-machiweb-website-1.png?v=1743253573","contentUrl":"https:\/\/www.machiweb.com\/wp-content\/uploads\/2022\/07\/cropped-logo-machiweb-website-1.png?v=1743253573","width":1000,"height":185,"caption":"MachiWeb"},"image":{"@id":"https:\/\/www.machiweb.com\/de\/#\/schema\/logo\/image\/"}}]}},"uagb_featured_image_src":{"full":["https:\/\/www.machiweb.com\/wp-content\/uploads\/2021\/02\/machiweb-logo-transparent.png?v=1655113758",236,45,false],"thumbnail":["https:\/\/www.machiweb.com\/wp-content\/uploads\/2021\/02\/machiweb-logo-transparent-150x45.png?v=1655113758",150,45,true],"medium":["https:\/\/www.machiweb.com\/wp-content\/uploads\/2021\/02\/machiweb-logo-transparent.png?v=1655113758",236,45,false],"medium_large":["https:\/\/www.machiweb.com\/wp-content\/uploads\/2021\/02\/machiweb-logo-transparent.png?v=1655113758",236,45,false],"large":["https:\/\/www.machiweb.com\/wp-content\/uploads\/2021\/02\/machiweb-logo-transparent.png?v=1655113758",236,45,false],"1536x1536":["https:\/\/www.machiweb.com\/wp-content\/uploads\/2021\/02\/machiweb-logo-transparent.png?v=1655113758",236,45,false],"2048x2048":["https:\/\/www.machiweb.com\/wp-content\/uploads\/2021\/02\/machiweb-logo-transparent.png?v=1655113758",236,45,false],"gform-image-choice-sm":["https:\/\/www.machiweb.com\/wp-content\/uploads\/2021\/02\/machiweb-logo-transparent.png?v=1655113758",236,45,false],"gform-image-choice-md":["https:\/\/www.machiweb.com\/wp-content\/uploads\/2021\/02\/machiweb-logo-transparent.png?v=1655113758",236,45,false],"gform-image-choice-lg":["https:\/\/www.machiweb.com\/wp-content\/uploads\/2021\/02\/machiweb-logo-transparent.png?v=1655113758",236,45,false],"woocommerce_thumbnail":["https:\/\/www.machiweb.com\/wp-content\/uploads\/2021\/02\/machiweb-logo-transparent.png?v=1655113758",236,45,false],"woocommerce_single":["https:\/\/www.machiweb.com\/wp-content\/uploads\/2021\/02\/machiweb-logo-transparent.png?v=1655113758",236,45,false],"woocommerce_gallery_thumbnail":["https:\/\/www.machiweb.com\/wp-content\/uploads\/2021\/02\/machiweb-logo-transparent-100x45.png?v=1655113758",100,45,true]},"uagb_author_info":{"display_name":"JM","author_link":"https:\/\/www.machiweb.com\/de\/author\/jm\/"},"uagb_comment_info":0,"uagb_excerpt":"Melden Sie sich an, um Ihr Profil zu vervollst\u00e4ndigen: Vervollst\u00e4ndigen Sie Ihr Profil und ver\u00f6ffentlichen Sie dann Ihre Anzeige!","_links":{"self":[{"href":"https:\/\/www.machiweb.com\/de\/wp-json\/wp\/v2\/pages\/8267","targetHints":{"allow":["GET"]}}],"collection":[{"href":"https:\/\/www.machiweb.com\/de\/wp-json\/wp\/v2\/pages"}],"about":[{"href":"https:\/\/www.machiweb.com\/de\/wp-json\/wp\/v2\/types\/page"}],"author":[{"embeddable":true,"href":"https:\/\/www.machiweb.com\/de\/wp-json\/wp\/v2\/users\/3"}],"replies":[{"embeddable":true,"href":"https:\/\/www.machiweb.com\/de\/wp-json\/wp\/v2\/comments?post=8267"}],"version-history":[{"count":0,"href":"https:\/\/www.machiweb.com\/de\/wp-json\/wp\/v2\/pages\/8267\/revisions"}],"wp:featuredmedia":[{"embeddable":true,"href":"https:\/\/www.machiweb.com\/de\/wp-json\/wp\/v2\/media\/4681"}],"wp:attachment":[{"href":"https:\/\/www.machiweb.com\/de\/wp-json\/wp\/v2\/media?parent=8267"}],"curies":[{"name":"wp","href":"https:\/\/api.w.org\/{rel}","templated":true}]}}