{"id":8518,"date":"2022-02-21T15:08:11","date_gmt":"2022-02-21T15:08:11","guid":{"rendered":"https:\/\/www.lilux.dominocom.lu\/boutique\/unkategorisiert\/ankuendigung-fuer-abgenutzte-ausruestung\/"},"modified":"2022-06-09T15:16:21","modified_gmt":"2022-06-09T15:16:21","slug":"ankundigung-von-tur-material","status":"publish","type":"product","link":"https:\/\/www.machiweb.com\/de\/produit\/ankundigung-von-tur-material\/","title":{"rendered":"Ank\u00fcndigung f\u00fcr abgenutzte Ausr\u00fcstung"},"content":{"rendered":"","protected":false},"excerpt":{"rendered":"","protected":false},"featured_media":4681,"comment_status":"open","ping_status":"closed","template":"","meta":{"_uag_custom_page_level_css":"","site-sidebar-layout":"default","site-content-layout":"default","ast-site-content-layout":"default","site-content-style":"default","site-sidebar-style":"default","ast-global-header-display":"","ast-banner-title-visibility":"","ast-main-header-display":"","ast-hfb-above-header-display":"","ast-hfb-below-header-display":"","ast-hfb-mobile-header-display":"","site-post-title":"","ast-breadcrumbs-content":"","ast-featured-img":"","footer-sml-layout":"","theme-transparent-header-meta":"default","adv-header-id-meta":"","stick-header-meta":"","header-above-stick-meta":"","header-main-stick-meta":"","header-below-stick-meta":"","astra-migrate-meta-layouts":"default","ast-page-background-enabled":"default","ast-page-background-meta":{"desktop":{"background-color":"","background-image":"","background-repeat":"repeat","background-position":"center center","background-size":"auto","background-attachment":"scroll","background-type":"","background-media":"","overlay-type":"","overlay-color":"","overlay-opacity":"","overlay-gradient":""},"tablet":{"background-color":"","background-image":"","background-repeat":"repeat","background-position":"center center","background-size":"auto","background-attachment":"scroll","background-type":"","background-media":"","overlay-type":"","overlay-color":"","overlay-opacity":"","overlay-gradient":""},"mobile":{"background-color":"","background-image":"","background-repeat":"repeat","background-position":"center center","background-size":"auto","background-attachment":"scroll","background-type":"","background-media":"","overlay-type":"","overlay-color":"","overlay-opacity":"","overlay-gradient":""}},"ast-content-background-meta":{"desktop":{"background-color":"var(--ast-global-color-5)","background-image":"","background-repeat":"repeat","background-position":"center center","background-size":"auto","background-attachment":"scroll","background-type":"","background-media":"","overlay-type":"","overlay-color":"","overlay-opacity":"","overlay-gradient":""},"tablet":{"background-color":"var(--ast-global-color-5)","background-image":"","background-repeat":"repeat","background-position":"center center","background-size":"auto","background-attachment":"scroll","background-type":"","background-media":"","overlay-type":"","overlay-color":"","overlay-opacity":"","overlay-gradient":""},"mobile":{"background-color":"var(--ast-global-color-5)","background-image":"","background-repeat":"repeat","background-position":"center center","background-size":"auto","background-attachment":"scroll","background-type":"","background-media":"","overlay-type":"","overlay-color":"","overlay-opacity":"","overlay-gradient":""}}},"product_brand":[],"product_cat":[426],"product_tag":[],"materiel":[1274,1285,1266,1275,1286,1270,1277,1287,1271,1279,1264,1272,1282,1265,1369,1291,1356,1322,1302,1305,1353,1350,1394,1303,1332,1348,1306,1296,1387,1338,1304,1300,1313,1314,1301,1349,1289,1398,1371,1315,1316,1309,1393,1343,1388,1385,1392,1334,1351,1290,1308,1258,1339,1380,1317,1374,1318,1373,1406,1347,1335,1299],"class_list":{"0":"post-8518","1":"product","2":"type-product","3":"status-publish","4":"has-post-thumbnail","6":"product_cat-nicht-klassifiziert","7":"materiel-autres-genie-civil-de","8":"materiel-autres-plantation-de","9":"materiel-autres-pulverisateur-de","10":"materiel-autres-remorque-de","11":"materiel-autres-outil-sol-de","12":"materiel-autres-materiel-pdt-de","13":"materiel-autres-moissonneuse-de","14":"materiel-andere-de-24","15":"materiel-autres-stockage-de","16":"materiel-autres-semoir-de","17":"materiel-autres-recolte-de","18":"materiel-autres-ensileuses-de","19":"materiel-autres-fenaison-de","20":"materiel-autres-collection-epaves-de","21":"materiel-pick-up-de","22":"materiel-becs-de","23":"materiel-materiel-depierrage-de","24":"materiel-deterreurs-de","25":"materiel-broyeur-souche-forestier-de","26":"materiel-chantier-de","27":"materiel-machine-a-becher-de","28":"materiel-irrigation-de","29":"materiel-stabilisatrice-sol-de","30":"materiel-broyeurs-jachere-de","31":"materiel-epandeur-engrais-de","32":"materiel-herse-etrille-de","33":"materiel-chargeur-frontal-de","34":"materiel-bineuse-de","35":"materiel-sauterelles-de","36":"materiel-faneuse-de","37":"materiel-buteuse-de","38":"materiel-broyeur-daccotement-de","39":"materiel-combine-de-semis-de","40":"materiel-combine-scie-fendeuse-de","41":"materiel-broyeur-de-fanes-de","42":"materiel-herse-rotative-de","43":"materiel-barre-de-coupe-de","44":"materiel-tondeuse-de","45":"materiel-planteuse-de","46":"materiel-cueilleurs-de","47":"materiel-cueilleurs-moissonneuse-de","48":"materiel-charrues-de","49":"materiel-semoir-monograine-de","50":"materiel-fraise-rotavator-de","51":"materiel-scie-de","52":"materiel-saleuse-de","53":"materiel-semoir-en-ligne-de","54":"materiel-epareuse-de","55":"materiel-lame-deneigement-de","56":"materiel-barres-de-coupe-de","57":"materiel-chariot-de-coupe-de","58":"materiel-andaineur-de","59":"materiel-faucheuse-de","60":"materiel-prestation-service-de","61":"materiel-dechaumeurs-de","62":"materiel-porte-de","63":"materiel-decompacteur-de","64":"materiel-plombage-rouleaux-de","65":"materiel-vibroculteurs-de","66":"materiel-herse-de-prairie-de","67":"materiel-epaves-de","68":"materiel-broyeur-branches-de","69":"desktop-align-left","70":"tablet-align-left","71":"mobile-align-left","73":"first","74":"instock","75":"taxable","76":"shipping-taxable","77":"purchasable","78":"product-type-simple"},"yoast_head":"<!-- This site is optimized with the Yoast SEO plugin v25.4 - https:\/\/yoast.com\/wordpress\/plugins\/seo\/ -->\n<title>Ank\u00fcndigung f\u00fcr abgenutzte Ausr\u00fcstung - MachiWeb<\/title>\n<meta name=\"robots\" content=\"index, follow, max-snippet:-1, max-image-preview:large, max-video-preview:-1\" \/>\n<link rel=\"canonical\" href=\"https:\/\/www.machiweb.com\/de\/produit\/ankundigung-von-tur-material\/\" \/>\n<meta property=\"og:locale\" content=\"de_DE\" \/>\n<meta property=\"og:type\" content=\"article\" \/>\n<meta property=\"og:title\" content=\"Ank\u00fcndigung f\u00fcr abgenutzte Ausr\u00fcstung - MachiWeb\" \/>\n<meta property=\"og:url\" content=\"https:\/\/www.machiweb.com\/de\/produit\/ankundigung-von-tur-material\/\" \/>\n<meta property=\"og:site_name\" content=\"MachiWeb\" \/>\n<meta property=\"article:modified_time\" content=\"2022-06-09T15:16:21+00:00\" \/>\n<meta name=\"twitter:card\" content=\"summary_large_image\" \/>\n<script type=\"application\/ld+json\" class=\"yoast-schema-graph\">{\"@context\":\"https:\/\/schema.org\",\"@graph\":[{\"@type\":\"WebPage\",\"@id\":\"https:\/\/www.machiweb.com\/de\/produit\/ankundigung-von-tur-material\/\",\"url\":\"https:\/\/www.machiweb.com\/de\/produit\/ankundigung-von-tur-material\/\",\"name\":\"Ank\u00fcndigung f\u00fcr abgenutzte Ausr\u00fcstung - MachiWeb\",\"isPartOf\":{\"@id\":\"https:\/\/www.machiweb.com\/de\/#website\"},\"primaryImageOfPage\":{\"@id\":\"https:\/\/www.machiweb.com\/de\/produit\/ankundigung-von-tur-material\/#primaryimage\"},\"image\":{\"@id\":\"https:\/\/www.machiweb.com\/de\/produit\/ankundigung-von-tur-material\/#primaryimage\"},\"thumbnailUrl\":\"https:\/\/www.machiweb.com\/wp-content\/uploads\/2021\/02\/machiweb-logo-transparent.png?v=1655113758\",\"datePublished\":\"2022-02-21T15:08:11+00:00\",\"dateModified\":\"2022-06-09T15:16:21+00:00\",\"breadcrumb\":{\"@id\":\"https:\/\/www.machiweb.com\/de\/produit\/ankundigung-von-tur-material\/#breadcrumb\"},\"inLanguage\":\"de\",\"potentialAction\":[{\"@type\":\"ReadAction\",\"target\":[\"https:\/\/www.machiweb.com\/de\/produit\/ankundigung-von-tur-material\/\"]}]},{\"@type\":\"ImageObject\",\"inLanguage\":\"de\",\"@id\":\"https:\/\/www.machiweb.com\/de\/produit\/ankundigung-von-tur-material\/#primaryimage\",\"url\":\"https:\/\/www.machiweb.com\/wp-content\/uploads\/2021\/02\/machiweb-logo-transparent.png?v=1655113758\",\"contentUrl\":\"https:\/\/www.machiweb.com\/wp-content\/uploads\/2021\/02\/machiweb-logo-transparent.png?v=1655113758\",\"width\":236,\"height\":45},{\"@type\":\"BreadcrumbList\",\"@id\":\"https:\/\/www.machiweb.com\/de\/produit\/ankundigung-von-tur-material\/#breadcrumb\",\"itemListElement\":[{\"@type\":\"ListItem\",\"position\":1,\"name\":\"Accueil\",\"item\":\"https:\/\/www.machiweb.com\/de\/\"},{\"@type\":\"ListItem\",\"position\":2,\"name\":\"Privacy Policy\",\"item\":\"https:\/\/www.machiweb.com\/de\/privacy-policy\/\"},{\"@type\":\"ListItem\",\"position\":3,\"name\":\"Landwirtschaftlich\",\"item\":\"https:\/\/www.machiweb.com\/de\/materiel\/agricole-de\/\"},{\"@type\":\"ListItem\",\"position\":4,\"name\":\"Kartoffelmaterial\",\"item\":\"https:\/\/www.machiweb.com\/de\/materiel\/agricole-de\/materiel-pdt-de\/\"},{\"@type\":\"ListItem\",\"position\":5,\"name\":\"Lager\",\"item\":\"https:\/\/www.machiweb.com\/de\/materiel\/agricole-de\/materiel-pdt-de\/stockage-de\/\"},{\"@type\":\"ListItem\",\"position\":6,\"name\":\"Andere\",\"item\":\"https:\/\/www.machiweb.com\/de\/materiel\/agricole-de\/materiel-pdt-de\/stockage-de\/autres-stockage-de\/\"},{\"@type\":\"ListItem\",\"position\":7,\"name\":\"Ank\u00fcndigung f\u00fcr abgenutzte Ausr\u00fcstung\"}]},{\"@type\":\"WebSite\",\"@id\":\"https:\/\/www.machiweb.com\/de\/#website\",\"url\":\"https:\/\/www.machiweb.com\/de\/\",\"name\":\"MachiWeb\",\"description\":\"le site de petites annonces de mat\u00e9riel agricole\",\"publisher\":{\"@id\":\"https:\/\/www.machiweb.com\/de\/#organization\"},\"potentialAction\":[{\"@type\":\"SearchAction\",\"target\":{\"@type\":\"EntryPoint\",\"urlTemplate\":\"https:\/\/www.machiweb.com\/de\/?s={search_term_string}\"},\"query-input\":{\"@type\":\"PropertyValueSpecification\",\"valueRequired\":true,\"valueName\":\"search_term_string\"}}],\"inLanguage\":\"de\"},{\"@type\":\"Organization\",\"@id\":\"https:\/\/www.machiweb.com\/de\/#organization\",\"name\":\"MachiWeb\",\"url\":\"https:\/\/www.machiweb.com\/de\/\",\"logo\":{\"@type\":\"ImageObject\",\"inLanguage\":\"de\",\"@id\":\"https:\/\/www.machiweb.com\/de\/#\/schema\/logo\/image\/\",\"url\":\"https:\/\/www.machiweb.com\/wp-content\/uploads\/2022\/07\/cropped-logo-machiweb-website-1.png?v=1743253573\",\"contentUrl\":\"https:\/\/www.machiweb.com\/wp-content\/uploads\/2022\/07\/cropped-logo-machiweb-website-1.png?v=1743253573\",\"width\":1000,\"height\":185,\"caption\":\"MachiWeb\"},\"image\":{\"@id\":\"https:\/\/www.machiweb.com\/de\/#\/schema\/logo\/image\/\"}}]}<\/script>\n<!-- \/ Yoast SEO plugin. -->","yoast_head_json":{"title":"Ank\u00fcndigung f\u00fcr abgenutzte Ausr\u00fcstung - MachiWeb","robots":{"index":"index","follow":"follow","max-snippet":"max-snippet:-1","max-image-preview":"max-image-preview:large","max-video-preview":"max-video-preview:-1"},"canonical":"https:\/\/www.machiweb.com\/de\/produit\/ankundigung-von-tur-material\/","og_locale":"de_DE","og_type":"article","og_title":"Ank\u00fcndigung f\u00fcr abgenutzte Ausr\u00fcstung - MachiWeb","og_url":"https:\/\/www.machiweb.com\/de\/produit\/ankundigung-von-tur-material\/","og_site_name":"MachiWeb","article_modified_time":"2022-06-09T15:16:21+00:00","twitter_card":"summary_large_image","schema":{"@context":"https:\/\/schema.org","@graph":[{"@type":"WebPage","@id":"https:\/\/www.machiweb.com\/de\/produit\/ankundigung-von-tur-material\/","url":"https:\/\/www.machiweb.com\/de\/produit\/ankundigung-von-tur-material\/","name":"Ank\u00fcndigung f\u00fcr abgenutzte Ausr\u00fcstung - MachiWeb","isPartOf":{"@id":"https:\/\/www.machiweb.com\/de\/#website"},"primaryImageOfPage":{"@id":"https:\/\/www.machiweb.com\/de\/produit\/ankundigung-von-tur-material\/#primaryimage"},"image":{"@id":"https:\/\/www.machiweb.com\/de\/produit\/ankundigung-von-tur-material\/#primaryimage"},"thumbnailUrl":"https:\/\/www.machiweb.com\/wp-content\/uploads\/2021\/02\/machiweb-logo-transparent.png?v=1655113758","datePublished":"2022-02-21T15:08:11+00:00","dateModified":"2022-06-09T15:16:21+00:00","breadcrumb":{"@id":"https:\/\/www.machiweb.com\/de\/produit\/ankundigung-von-tur-material\/#breadcrumb"},"inLanguage":"de","potentialAction":[{"@type":"ReadAction","target":["https:\/\/www.machiweb.com\/de\/produit\/ankundigung-von-tur-material\/"]}]},{"@type":"ImageObject","inLanguage":"de","@id":"https:\/\/www.machiweb.com\/de\/produit\/ankundigung-von-tur-material\/#primaryimage","url":"https:\/\/www.machiweb.com\/wp-content\/uploads\/2021\/02\/machiweb-logo-transparent.png?v=1655113758","contentUrl":"https:\/\/www.machiweb.com\/wp-content\/uploads\/2021\/02\/machiweb-logo-transparent.png?v=1655113758","width":236,"height":45},{"@type":"BreadcrumbList","@id":"https:\/\/www.machiweb.com\/de\/produit\/ankundigung-von-tur-material\/#breadcrumb","itemListElement":[{"@type":"ListItem","position":1,"name":"Accueil","item":"https:\/\/www.machiweb.com\/de\/"},{"@type":"ListItem","position":2,"name":"Privacy Policy","item":"https:\/\/www.machiweb.com\/de\/privacy-policy\/"},{"@type":"ListItem","position":3,"name":"Landwirtschaftlich","item":"https:\/\/www.machiweb.com\/de\/materiel\/agricole-de\/"},{"@type":"ListItem","position":4,"name":"Kartoffelmaterial","item":"https:\/\/www.machiweb.com\/de\/materiel\/agricole-de\/materiel-pdt-de\/"},{"@type":"ListItem","position":5,"name":"Lager","item":"https:\/\/www.machiweb.com\/de\/materiel\/agricole-de\/materiel-pdt-de\/stockage-de\/"},{"@type":"ListItem","position":6,"name":"Andere","item":"https:\/\/www.machiweb.com\/de\/materiel\/agricole-de\/materiel-pdt-de\/stockage-de\/autres-stockage-de\/"},{"@type":"ListItem","position":7,"name":"Ank\u00fcndigung f\u00fcr abgenutzte Ausr\u00fcstung"}]},{"@type":"WebSite","@id":"https:\/\/www.machiweb.com\/de\/#website","url":"https:\/\/www.machiweb.com\/de\/","name":"MachiWeb","description":"le site de petites annonces de mat\u00e9riel agricole","publisher":{"@id":"https:\/\/www.machiweb.com\/de\/#organization"},"potentialAction":[{"@type":"SearchAction","target":{"@type":"EntryPoint","urlTemplate":"https:\/\/www.machiweb.com\/de\/?s={search_term_string}"},"query-input":{"@type":"PropertyValueSpecification","valueRequired":true,"valueName":"search_term_string"}}],"inLanguage":"de"},{"@type":"Organization","@id":"https:\/\/www.machiweb.com\/de\/#organization","name":"MachiWeb","url":"https:\/\/www.machiweb.com\/de\/","logo":{"@type":"ImageObject","inLanguage":"de","@id":"https:\/\/www.machiweb.com\/de\/#\/schema\/logo\/image\/","url":"https:\/\/www.machiweb.com\/wp-content\/uploads\/2022\/07\/cropped-logo-machiweb-website-1.png?v=1743253573","contentUrl":"https:\/\/www.machiweb.com\/wp-content\/uploads\/2022\/07\/cropped-logo-machiweb-website-1.png?v=1743253573","width":1000,"height":185,"caption":"MachiWeb"},"image":{"@id":"https:\/\/www.machiweb.com\/de\/#\/schema\/logo\/image\/"}}]}},"uagb_featured_image_src":{"full":["https:\/\/www.machiweb.com\/wp-content\/uploads\/2021\/02\/machiweb-logo-transparent.png?v=1655113758",236,45,false],"thumbnail":["https:\/\/www.machiweb.com\/wp-content\/uploads\/2021\/02\/machiweb-logo-transparent-150x45.png?v=1655113758",150,45,true],"medium":["https:\/\/www.machiweb.com\/wp-content\/uploads\/2021\/02\/machiweb-logo-transparent.png?v=1655113758",236,45,false],"medium_large":["https:\/\/www.machiweb.com\/wp-content\/uploads\/2021\/02\/machiweb-logo-transparent.png?v=1655113758",236,45,false],"large":["https:\/\/www.machiweb.com\/wp-content\/uploads\/2021\/02\/machiweb-logo-transparent.png?v=1655113758",236,45,false],"1536x1536":["https:\/\/www.machiweb.com\/wp-content\/uploads\/2021\/02\/machiweb-logo-transparent.png?v=1655113758",236,45,false],"2048x2048":["https:\/\/www.machiweb.com\/wp-content\/uploads\/2021\/02\/machiweb-logo-transparent.png?v=1655113758",236,45,false],"gform-image-choice-sm":["https:\/\/www.machiweb.com\/wp-content\/uploads\/2021\/02\/machiweb-logo-transparent.png?v=1655113758",236,45,false],"gform-image-choice-md":["https:\/\/www.machiweb.com\/wp-content\/uploads\/2021\/02\/machiweb-logo-transparent.png?v=1655113758",236,45,false],"gform-image-choice-lg":["https:\/\/www.machiweb.com\/wp-content\/uploads\/2021\/02\/machiweb-logo-transparent.png?v=1655113758",236,45,false],"woocommerce_thumbnail":["https:\/\/www.machiweb.com\/wp-content\/uploads\/2021\/02\/machiweb-logo-transparent.png?v=1655113758",236,45,false],"woocommerce_single":["https:\/\/www.machiweb.com\/wp-content\/uploads\/2021\/02\/machiweb-logo-transparent.png?v=1655113758",236,45,false],"woocommerce_gallery_thumbnail":["https:\/\/www.machiweb.com\/wp-content\/uploads\/2021\/02\/machiweb-logo-transparent-100x45.png?v=1655113758",100,45,true]},"uagb_author_info":{"display_name":"JM","author_link":"https:\/\/www.machiweb.com\/de\/author\/"},"uagb_comment_info":0,"uagb_excerpt":null,"_links":{"self":[{"href":"https:\/\/www.machiweb.com\/de\/wp-json\/wp\/v2\/product\/8518","targetHints":{"allow":["GET"]}}],"collection":[{"href":"https:\/\/www.machiweb.com\/de\/wp-json\/wp\/v2\/product"}],"about":[{"href":"https:\/\/www.machiweb.com\/de\/wp-json\/wp\/v2\/types\/product"}],"replies":[{"embeddable":true,"href":"https:\/\/www.machiweb.com\/de\/wp-json\/wp\/v2\/comments?post=8518"}],"wp:featuredmedia":[{"embeddable":true,"href":"https:\/\/www.machiweb.com\/de\/wp-json\/wp\/v2\/media\/4681"}],"wp:attachment":[{"href":"https:\/\/www.machiweb.com\/de\/wp-json\/wp\/v2\/media?parent=8518"}],"wp:term":[{"taxonomy":"product_brand","embeddable":true,"href":"https:\/\/www.machiweb.com\/de\/wp-json\/wp\/v2\/product_brand?post=8518"},{"taxonomy":"product_cat","embeddable":true,"href":"https:\/\/www.machiweb.com\/de\/wp-json\/wp\/v2\/product_cat?post=8518"},{"taxonomy":"product_tag","embeddable":true,"href":"https:\/\/www.machiweb.com\/de\/wp-json\/wp\/v2\/product_tag?post=8518"},{"taxonomy":"materiel","embeddable":true,"href":"https:\/\/www.machiweb.com\/de\/wp-json\/wp\/v2\/materiel?post=8518"}],"curies":[{"name":"wp","href":"https:\/\/api.w.org\/{rel}","templated":true}]}}